{"id":1176,"date":"2025-11-27T11:02:32","date_gmt":"2025-11-27T10:02:32","guid":{"rendered":"https:\/\/noutarraso.com\/sobre-nosotros\/"},"modified":"2026-02-11T09:02:57","modified_gmt":"2026-02-11T08:02:57","slug":"sobre-nosotros","status":"publish","type":"page","link":"https:\/\/noutarraso.com\/es\/sobre-nosotros\/","title":{"rendered":"Sobre Nosotros"},"content":{"rendered":"\t\t<div data-elementor-type=\"wp-page\" data-elementor-id=\"1176\" class=\"elementor elementor-1176 elementor-294\">\n\t\t\t\t<div class=\"elementor-element elementor-element-c6c7b53 e-flex e-con-boxed e-con e-parent\" data-id=\"c6c7b53\" data-element_type=\"container\" data-e-type=\"container\" data-settings=\"{&quot;background_background&quot;:&quot;classic&quot;}\">\n\t\t\t\t\t<div class=\"e-con-inner\">\n\t\t<div class=\"elementor-element elementor-element-feeb0e5 e-flex e-con-boxed e-con e-child\" data-id=\"feeb0e5\" data-element_type=\"container\" data-e-type=\"container\" data-settings=\"{&quot;background_background&quot;:&quot;classic&quot;}\">\n\t\t\t\t\t<div class=\"e-con-inner\">\n\t\t\t\t<div class=\"elementor-element elementor-element-8e52556 elementor-widget elementor-widget-heading\" data-id=\"8e52556\" data-element_type=\"widget\" data-e-type=\"widget\" data-widget_type=\"heading.default\">\n\t\t\t\t\t<h1 class=\"elementor-heading-title elementor-size-default\">Sobre Nosotros<\/h1>\t\t\t\t<\/div>\n\t\t\t\t<div class=\"elementor-element elementor-element-07079ae elementor-widget__width-initial elementor-widget elementor-widget-text-editor\" data-id=\"07079ae\" data-element_type=\"widget\" data-e-type=\"widget\" data-widget_type=\"text-editor.default\">\n\t\t\t\t\t\t\t\t\t<p>En Nou Tarras\u00f3 celebramos la cocina tradicional del Valle de Gallinera: platos caseros, sabores aut\u00e9nticos y un ambiente familiar que hace que cada visita sea especial.<\/p>\t\t\t\t\t\t\t\t<\/div>\n\t\t\t\t\t<\/div>\n\t\t\t\t<\/div>\n\t\t\t\t\t<\/div>\n\t\t\t\t<\/div>\n\t\t<div class=\"elementor-element elementor-element-1b558a0 e-flex e-con-boxed e-con e-parent\" data-id=\"1b558a0\" data-element_type=\"container\" data-e-type=\"container\">\n\t\t\t\t\t<div class=\"e-con-inner\">\n\t\t<div class=\"elementor-element elementor-element-d29b04c e-con-full e-flex e-con e-child\" data-id=\"d29b04c\" data-element_type=\"container\" data-e-type=\"container\">\n\t\t\t\t<div class=\"elementor-element elementor-element-63c7180 elementor-widget elementor-widget-image\" data-id=\"63c7180\" data-element_type=\"widget\" data-e-type=\"widget\" data-widget_type=\"image.default\">\n\t\t\t\t\t\t\t\t\t\t\t\t\t\t\t<img fetchpriority=\"high\" decoding=\"async\" width=\"765\" height=\"765\" src=\"https:\/\/noutarraso.com\/wp-content\/uploads\/2025\/11\/unnamed-1-e1764317836234.jpg\" class=\"attachment-full size-full wp-image-1131\" alt=\"\" srcset=\"https:\/\/noutarraso.com\/wp-content\/uploads\/2025\/11\/unnamed-1-e1764317836234.jpg 765w, https:\/\/noutarraso.com\/wp-content\/uploads\/2025\/11\/unnamed-1-e1764317836234-300x300.jpg 300w, https:\/\/noutarraso.com\/wp-content\/uploads\/2025\/11\/unnamed-1-e1764317836234-150x150.jpg 150w\" sizes=\"(max-width: 765px) 100vw, 765px\" \/>\t\t\t\t\t\t\t\t\t\t\t\t\t\t\t<\/div>\n\t\t\t\t<\/div>\n\t\t<div class=\"elementor-element elementor-element-fbfdf06 e-con-full e-flex e-con e-child\" data-id=\"fbfdf06\" data-element_type=\"container\" data-e-type=\"container\">\n\t\t\t\t<div class=\"elementor-element elementor-element-11a5f21 elementor-widget elementor-widget-heading\" data-id=\"11a5f21\" data-element_type=\"widget\" data-e-type=\"widget\" data-widget_type=\"heading.default\">\n\t\t\t\t\t<div class=\"elementor-heading-title elementor-size-default\">Nuestra Historia<\/div>\t\t\t\t<\/div>\n\t\t\t\t<div class=\"elementor-element elementor-element-c75a923 elementor-widget elementor-widget-heading\" data-id=\"c75a923\" data-element_type=\"widget\" data-e-type=\"widget\" data-widget_type=\"heading.default\">\n\t\t\t\t\t<h2 class=\"elementor-heading-title elementor-size-default\">Un rinc\u00f3n con esencia de pueblo<\/h2>\t\t\t\t<\/div>\n\t\t\t\t<div class=\"elementor-element elementor-element-c52f6d5 elementor-widget elementor-widget-text-editor\" data-id=\"c52f6d5\" data-element_type=\"widget\" data-e-type=\"widget\" data-widget_type=\"text-editor.default\">\n\t\t\t\t\t\t\t\t\t<p data-start=\"725\" data-end=\"1100\">Nou Tarras\u00f3 naci\u00f3 con una idea muy simple: ofrecer comida casera de verdad, elaborada con ingredientes de proximidad y servida con un trato cercano. Situado en Benial\u00ed, en pleno coraz\u00f3n del valle de Gallinera, nuestro bar-restaurante se ha convertido con los a\u00f1os en un lugar de encuentro para vecinos, senderistas, ciclistas y viajeros que buscan una experiencia aut\u00e9ntica. <\/p><p>Nuestra cocina respeta las recetas tradicionales, destacando platos de caza como el jabal\u00ed o el venado, guisos de toda la vida, tapas generosas y postres caseros que mantienen el sabor de siempre.<\/p><p>En cada plato ponemos dedicaci\u00f3n, y en cada servicio ponemos la misma cercan\u00eda que nos ha acompa\u00f1ado desde el principio. Aqu\u00ed no hay prisas: s\u00f3lo buena comida, buen ambiente y el encanto de la vida tranquila del valle. <\/p>\t\t\t\t\t\t\t\t<\/div>\n\t\t\t\t<\/div>\n\t\t\t\t\t<\/div>\n\t\t\t\t<\/div>\n\t\t<div class=\"elementor-element elementor-element-16a82e3 e-flex e-con-boxed e-con e-parent\" data-id=\"16a82e3\" data-element_type=\"container\" data-e-type=\"container\">\n\t\t\t\t\t<div class=\"e-con-inner\">\n\t\t\t\t<div class=\"elementor-element elementor-element-3a32c6f elementor-widget elementor-widget-heading\" data-id=\"3a32c6f\" data-element_type=\"widget\" data-e-type=\"widget\" data-widget_type=\"heading.default\">\n\t\t\t\t\t<h2 class=\"elementor-heading-title elementor-size-default\">Estamos en el coraz\u00f3n del Valle de Gallinera<\/h2>\t\t\t\t<\/div>\n\t\t\t\t<div class=\"elementor-element elementor-element-d5e6614 elementor-widget elementor-widget-text-editor\" data-id=\"d5e6614\" data-element_type=\"widget\" data-e-type=\"widget\" data-widget_type=\"text-editor.default\">\n\t\t\t\t\t\t\t\t\t<p>NouTarras\u00f3 se encuentra en Benial\u00ed, uno de los pueblos m\u00e1s tranquilos y aut\u00e9nticos del interior de Alicante. Nuestra ubicaci\u00f3n es ideal para quienes recorren el valle, hacen rutas de senderismo o simplemente buscan disfrutar de una comida casera rodeada de naturaleza. <\/p>\t\t\t\t\t\t\t\t<\/div>\n\t\t\t\t<div class=\"elementor-element elementor-element-996f8a8 elementor-align-center elementor-widget elementor-widget-button\" data-id=\"996f8a8\" data-element_type=\"widget\" data-e-type=\"widget\" data-widget_type=\"button.default\">\n\t\t\t\t\t\t\t\t\t\t<a class=\"elementor-button elementor-button-link elementor-size-sm\" href=\"https:\/\/noutarraso.com\/contacto\/\">\n\t\t\t\t\t\t<span class=\"elementor-button-content-wrapper\">\n\t\t\t\t\t\t\t\t\t<span class=\"elementor-button-text\">Encu\u00e9ntranos<\/span>\n\t\t\t\t\t<\/span>\n\t\t\t\t\t<\/a>\n\t\t\t\t\t\t\t\t<\/div>\n\t\t\t\t<div class=\"elementor-element elementor-element-52f36a7 elementor-widget elementor-widget-image\" data-id=\"52f36a7\" data-element_type=\"widget\" data-e-type=\"widget\" data-widget_type=\"image.default\">\n\t\t\t\t\t\t\t\t\t\t\t\t\t\t\t<img decoding=\"async\" width=\"1024\" height=\"510\" src=\"https:\/\/noutarraso.com\/wp-content\/uploads\/2025\/11\/unnamed-e1764317449894.jpg\" class=\"attachment-full size-full wp-image-1130\" alt=\"\" srcset=\"https:\/\/noutarraso.com\/wp-content\/uploads\/2025\/11\/unnamed-e1764317449894.jpg 1024w, https:\/\/noutarraso.com\/wp-content\/uploads\/2025\/11\/unnamed-e1764317449894-300x149.jpg 300w, https:\/\/noutarraso.com\/wp-content\/uploads\/2025\/11\/unnamed-e1764317449894-768x383.jpg 768w\" sizes=\"(max-width: 1024px) 100vw, 1024px\" \/>\t\t\t\t\t\t\t\t\t\t\t\t\t\t\t<\/div>\n\t\t\t\t\t<\/div>\n\t\t\t\t<\/div>\n\t\t<div class=\"elementor-element elementor-element-0fd7092 e-flex e-con-boxed e-con e-parent\" data-id=\"0fd7092\" data-element_type=\"container\" data-e-type=\"container\">\n\t\t\t\t\t<div class=\"e-con-inner\">\n\t\t<div class=\"elementor-element elementor-element-e62581c e-con-full e-flex e-con e-child\" data-id=\"e62581c\" data-element_type=\"container\" data-e-type=\"container\">\n\t\t\t\t<div class=\"elementor-element elementor-element-dea7c0a elementor-widget elementor-widget-heading\" data-id=\"dea7c0a\" data-element_type=\"widget\" data-e-type=\"widget\" data-widget_type=\"heading.default\">\n\t\t\t\t\t<div class=\"elementor-heading-title elementor-size-default\">Nuestro Compromiso<\/div>\t\t\t\t<\/div>\n\t\t\t\t<div class=\"elementor-element elementor-element-d59a31d elementor-widget elementor-widget-heading\" data-id=\"d59a31d\" data-element_type=\"widget\" data-e-type=\"widget\" data-widget_type=\"heading.default\">\n\t\t\t\t\t<h2 class=\"elementor-heading-title elementor-size-default\">Cocina hecha con dedicaci\u00f3n y sabor aut\u00e9ntico<\/h2>\t\t\t\t<\/div>\n\t\t\t\t<div class=\"elementor-element elementor-element-21bec85 elementor-widget elementor-widget-text-editor\" data-id=\"21bec85\" data-element_type=\"widget\" data-e-type=\"widget\" data-widget_type=\"text-editor.default\">\n\t\t\t\t\t\t\t\t\t<p>En Nou Tarras\u00f3 creemos que la buena comida nace de la honestidad: ingredientes de calidad, recetas tradicionales y una cuidada elaboraci\u00f3n. Cada plato refleja el amor con el que trabajamos y el respeto por la cocina de pueblo que nos representa. <\/p><p>Nos esforzamos por ofrecer una experiencia cercana y acogedora, donde cada visitante se sienta como en casa. Desde las tapas caseras hasta nuestras especialidades de caza, todo est\u00e1 pensado para que disfrutes de una comida sincera, sin artificios y llena de sabor. <\/p>\t\t\t\t\t\t\t\t<\/div>\n\t\t\t\t<\/div>\n\t\t<div class=\"elementor-element elementor-element-6e4b95b e-con-full e-flex e-con e-child\" data-id=\"6e4b95b\" data-element_type=\"container\" data-e-type=\"container\">\n\t\t\t\t<div class=\"elementor-element elementor-element-6aba241 elementor-widget elementor-widget-image\" data-id=\"6aba241\" data-element_type=\"widget\" data-e-type=\"widget\" data-widget_type=\"image.default\">\n\t\t\t\t\t\t\t\t\t\t\t\t\t\t\t<img decoding=\"async\" width=\"765\" height=\"590\" src=\"https:\/\/noutarraso.com\/wp-content\/uploads\/2026\/02\/Diseno-sin-titulo-2026-02-11T090251.862.jpg\" class=\"attachment-full size-full wp-image-1250\" alt=\"\" srcset=\"https:\/\/noutarraso.com\/wp-content\/uploads\/2026\/02\/Diseno-sin-titulo-2026-02-11T090251.862.jpg 765w, https:\/\/noutarraso.com\/wp-content\/uploads\/2026\/02\/Diseno-sin-titulo-2026-02-11T090251.862-300x231.jpg 300w\" sizes=\"(max-width: 765px) 100vw, 765px\" \/>\t\t\t\t\t\t\t\t\t\t\t\t\t\t\t<\/div>\n\t\t\t\t<\/div>\n\t\t\t\t\t<\/div>\n\t\t\t\t<\/div>\n\t\t\t\t<\/div>\n\t\t","protected":false},"excerpt":{"rendered":"<p>Sobre Nosotros En Nou Tarras\u00f3 celebramos la cocina tradicional del Valle de Gallinera: platos caseros, sabores aut\u00e9nticos y un ambiente familiar que hace que cada visita sea especial. Nuestra Historia Un rinc\u00f3n con esencia de pueblo Nou Tarras\u00f3 naci\u00f3 con una idea muy simple: ofrecer comida casera de verdad, elaborada con ingredientes de proximidad y [&hellip;]<\/p>\n","protected":false},"author":1,"featured_media":0,"parent":0,"menu_order":0,"comment_status":"closed","ping_status":"closed","template":"","meta":{"site-sidebar-layout":"no-sidebar","site-content-layout":"","ast-site-content-layout":"full-width-container","site-content-style":"default","site-sidebar-style":"default","ast-global-header-display":"","ast-banner-title-visibility":"","ast-main-header-display":"","ast-hfb-above-header-display":"","ast-hfb-below-header-display":"","ast-hfb-mobile-header-display":"","site-post-title":"disabled","ast-breadcrumbs-content":"","ast-featured-img":"disabled","footer-sml-layout":"","theme-transparent-header-meta":"disabled","adv-header-id-meta":"","stick-header-meta":"","header-above-stick-meta":"","header-main-stick-meta":"","header-below-stick-meta":"","astra-migrate-meta-layouts":"default","ast-page-background-enabled":"default","ast-page-background-meta":{"desktop":{"background-color":"var(--ast-global-color-4)","background-image":"","background-repeat":"repeat","background-position":"center center","background-size":"auto","background-attachment":"scroll","background-type":"","background-media":"","overlay-type":"","overlay-color":"","overlay-opacity":"","overlay-gradient":""},"tablet":{"background-color":"","background-image":"","background-repeat":"repeat","background-position":"center center","background-size":"auto","background-attachment":"scroll","background-type":"","background-media":"","overlay-type":"","overlay-color":"","overlay-opacity":"","overlay-gradient":""},"mobile":{"background-color":"","background-image":"","background-repeat":"repeat","background-position":"center center","background-size":"auto","background-attachment":"scroll","background-type":"","background-media":"","overlay-type":"","overlay-color":"","overlay-opacity":"","overlay-gradient":""}},"ast-content-background-meta":{"desktop":{"background-color":"var(--ast-global-color-5)","background-image":"","background-repeat":"repeat","background-position":"center center","background-size":"auto","background-attachment":"scroll","background-type":"","background-media":"","overlay-type":"","overlay-color":"","overlay-opacity":"","overlay-gradient":""},"tablet":{"background-color":"var(--ast-global-color-5)","background-image":"","background-repeat":"repeat","background-position":"center center","background-size":"auto","background-attachment":"scroll","background-type":"","background-media":"","overlay-type":"","overlay-color":"","overlay-opacity":"","overlay-gradient":""},"mobile":{"background-color":"var(--ast-global-color-5)","background-image":"","background-repeat":"repeat","background-position":"center center","background-size":"auto","background-attachment":"scroll","background-type":"","background-media":"","overlay-type":"","overlay-color":"","overlay-opacity":"","overlay-gradient":""}},"footnotes":""},"class_list":["post-1176","page","type-page","status-publish","hentry"],"yoast_head":"<!-- This site is optimized with the Yoast SEO plugin v26.5 - https:\/\/yoast.com\/wordpress\/plugins\/seo\/ -->\n<title>Sobre Nosotros - Nou Tarraso<\/title>\n<meta name=\"robots\" content=\"index, follow, max-snippet:-1, max-image-preview:large, max-video-preview:-1\" \/>\n<link rel=\"canonical\" href=\"https:\/\/noutarraso.com\/sobre-nosaltres\/\" \/>\n<meta property=\"og:locale\" content=\"es_ES\" \/>\n<meta property=\"og:type\" content=\"article\" \/>\n<meta property=\"og:title\" content=\"Sobre Nosotros - Nou Tarraso\" \/>\n<meta property=\"og:description\" content=\"Sobre Nosotros En Nou Tarras\u00f3 celebramos la cocina tradicional del Valle de Gallinera: platos caseros, sabores aut\u00e9nticos y un ambiente familiar que hace que cada visita sea especial. Nuestra Historia Un rinc\u00f3n con esencia de pueblo Nou Tarras\u00f3 naci\u00f3 con una idea muy simple: ofrecer comida casera de verdad, elaborada con ingredientes de proximidad y [&hellip;]\" \/>\n<meta property=\"og:url\" content=\"https:\/\/noutarraso.com\/sobre-nosaltres\/\" \/>\n<meta property=\"og:site_name\" content=\"Nou Tarraso\" \/>\n<meta property=\"article:modified_time\" content=\"2026-02-11T08:02:57+00:00\" \/>\n<meta property=\"og:image\" content=\"https:\/\/noutarraso.com\/wp-content\/uploads\/2025\/11\/unnamed-1-e1764317836234.jpg\" \/>\n\t<meta property=\"og:image:width\" content=\"765\" \/>\n\t<meta property=\"og:image:height\" content=\"765\" \/>\n\t<meta property=\"og:image:type\" content=\"image\/jpeg\" \/>\n<meta name=\"twitter:card\" content=\"summary_large_image\" \/>\n<meta name=\"twitter:label1\" content=\"Tiempo de lectura\" \/>\n\t<meta name=\"twitter:data1\" content=\"2 minutos\" \/>\n<script type=\"application\/ld+json\" class=\"yoast-schema-graph\">{\"@context\":\"https:\/\/schema.org\",\"@graph\":[{\"@type\":\"WebPage\",\"@id\":\"https:\/\/noutarraso.com\/sobre-nosaltres\/\",\"url\":\"https:\/\/noutarraso.com\/sobre-nosaltres\/\",\"name\":\"Sobre Nosotros - Nou Tarraso\",\"isPartOf\":{\"@id\":\"https:\/\/noutarraso.com\/#website\"},\"primaryImageOfPage\":{\"@id\":\"https:\/\/noutarraso.com\/sobre-nosaltres\/#primaryimage\"},\"image\":{\"@id\":\"https:\/\/noutarraso.com\/sobre-nosaltres\/#primaryimage\"},\"thumbnailUrl\":\"https:\/\/noutarraso.com\/wp-content\/uploads\/2025\/11\/unnamed-1-e1764317836234.jpg\",\"datePublished\":\"2025-11-27T10:02:32+00:00\",\"dateModified\":\"2026-02-11T08:02:57+00:00\",\"breadcrumb\":{\"@id\":\"https:\/\/noutarraso.com\/sobre-nosaltres\/#breadcrumb\"},\"inLanguage\":\"es\",\"potentialAction\":[{\"@type\":\"ReadAction\",\"target\":[\"https:\/\/noutarraso.com\/sobre-nosaltres\/\"]}]},{\"@type\":\"ImageObject\",\"inLanguage\":\"es\",\"@id\":\"https:\/\/noutarraso.com\/sobre-nosaltres\/#primaryimage\",\"url\":\"https:\/\/noutarraso.com\/wp-content\/uploads\/2025\/11\/unnamed-1-e1764317836234.jpg\",\"contentUrl\":\"https:\/\/noutarraso.com\/wp-content\/uploads\/2025\/11\/unnamed-1-e1764317836234.jpg\"},{\"@type\":\"BreadcrumbList\",\"@id\":\"https:\/\/noutarraso.com\/sobre-nosaltres\/#breadcrumb\",\"itemListElement\":[{\"@type\":\"ListItem\",\"position\":1,\"name\":\"Portada\",\"item\":\"https:\/\/noutarraso.com\/\"},{\"@type\":\"ListItem\",\"position\":2,\"name\":\"Sobre Nosotros\"}]},{\"@type\":\"WebSite\",\"@id\":\"https:\/\/noutarraso.com\/#website\",\"url\":\"https:\/\/noutarraso.com\/\",\"name\":\"Nou Tarraso\",\"description\":\"\",\"potentialAction\":[{\"@type\":\"SearchAction\",\"target\":{\"@type\":\"EntryPoint\",\"urlTemplate\":\"https:\/\/noutarraso.com\/?s={search_term_string}\"},\"query-input\":{\"@type\":\"PropertyValueSpecification\",\"valueRequired\":true,\"valueName\":\"search_term_string\"}}],\"inLanguage\":\"es\"}]}<\/script>\n<!-- \/ Yoast SEO plugin. -->","yoast_head_json":{"title":"Sobre Nosotros - Nou Tarraso","robots":{"index":"index","follow":"follow","max-snippet":"max-snippet:-1","max-image-preview":"max-image-preview:large","max-video-preview":"max-video-preview:-1"},"canonical":"https:\/\/noutarraso.com\/sobre-nosaltres\/","og_locale":"es_ES","og_type":"article","og_title":"Sobre Nosotros - Nou Tarraso","og_description":"Sobre Nosotros En Nou Tarras\u00f3 celebramos la cocina tradicional del Valle de Gallinera: platos caseros, sabores aut\u00e9nticos y un ambiente familiar que hace que cada visita sea especial. Nuestra Historia Un rinc\u00f3n con esencia de pueblo Nou Tarras\u00f3 naci\u00f3 con una idea muy simple: ofrecer comida casera de verdad, elaborada con ingredientes de proximidad y [&hellip;]","og_url":"https:\/\/noutarraso.com\/sobre-nosaltres\/","og_site_name":"Nou Tarraso","article_modified_time":"2026-02-11T08:02:57+00:00","og_image":[{"width":765,"height":765,"url":"https:\/\/noutarraso.com\/wp-content\/uploads\/2025\/11\/unnamed-1-e1764317836234.jpg","type":"image\/jpeg"}],"twitter_card":"summary_large_image","twitter_misc":{"Tiempo de lectura":"2 minutos"},"schema":{"@context":"https:\/\/schema.org","@graph":[{"@type":"WebPage","@id":"https:\/\/noutarraso.com\/sobre-nosaltres\/","url":"https:\/\/noutarraso.com\/sobre-nosaltres\/","name":"Sobre Nosotros - Nou Tarraso","isPartOf":{"@id":"https:\/\/noutarraso.com\/#website"},"primaryImageOfPage":{"@id":"https:\/\/noutarraso.com\/sobre-nosaltres\/#primaryimage"},"image":{"@id":"https:\/\/noutarraso.com\/sobre-nosaltres\/#primaryimage"},"thumbnailUrl":"https:\/\/noutarraso.com\/wp-content\/uploads\/2025\/11\/unnamed-1-e1764317836234.jpg","datePublished":"2025-11-27T10:02:32+00:00","dateModified":"2026-02-11T08:02:57+00:00","breadcrumb":{"@id":"https:\/\/noutarraso.com\/sobre-nosaltres\/#breadcrumb"},"inLanguage":"es","potentialAction":[{"@type":"ReadAction","target":["https:\/\/noutarraso.com\/sobre-nosaltres\/"]}]},{"@type":"ImageObject","inLanguage":"es","@id":"https:\/\/noutarraso.com\/sobre-nosaltres\/#primaryimage","url":"https:\/\/noutarraso.com\/wp-content\/uploads\/2025\/11\/unnamed-1-e1764317836234.jpg","contentUrl":"https:\/\/noutarraso.com\/wp-content\/uploads\/2025\/11\/unnamed-1-e1764317836234.jpg"},{"@type":"BreadcrumbList","@id":"https:\/\/noutarraso.com\/sobre-nosaltres\/#breadcrumb","itemListElement":[{"@type":"ListItem","position":1,"name":"Portada","item":"https:\/\/noutarraso.com\/"},{"@type":"ListItem","position":2,"name":"Sobre Nosotros"}]},{"@type":"WebSite","@id":"https:\/\/noutarraso.com\/#website","url":"https:\/\/noutarraso.com\/","name":"Nou Tarraso","description":"","potentialAction":[{"@type":"SearchAction","target":{"@type":"EntryPoint","urlTemplate":"https:\/\/noutarraso.com\/?s={search_term_string}"},"query-input":{"@type":"PropertyValueSpecification","valueRequired":true,"valueName":"search_term_string"}}],"inLanguage":"es"}]}},"_links":{"self":[{"href":"https:\/\/noutarraso.com\/es\/wp-json\/wp\/v2\/pages\/1176","targetHints":{"allow":["GET"]}}],"collection":[{"href":"https:\/\/noutarraso.com\/es\/wp-json\/wp\/v2\/pages"}],"about":[{"href":"https:\/\/noutarraso.com\/es\/wp-json\/wp\/v2\/types\/page"}],"author":[{"embeddable":true,"href":"https:\/\/noutarraso.com\/es\/wp-json\/wp\/v2\/users\/1"}],"replies":[{"embeddable":true,"href":"https:\/\/noutarraso.com\/es\/wp-json\/wp\/v2\/comments?post=1176"}],"version-history":[{"count":2,"href":"https:\/\/noutarraso.com\/es\/wp-json\/wp\/v2\/pages\/1176\/revisions"}],"predecessor-version":[{"id":1254,"href":"https:\/\/noutarraso.com\/es\/wp-json\/wp\/v2\/pages\/1176\/revisions\/1254"}],"wp:attachment":[{"href":"https:\/\/noutarraso.com\/es\/wp-json\/wp\/v2\/media?parent=1176"}],"curies":[{"name":"wp","href":"https:\/\/api.w.org\/{rel}","templated":true}]}}